{"id":116,"date":"2020-01-25T02:33:39","date_gmt":"2020-01-25T02:33:39","guid":{"rendered":"https:\/\/lunaworld.blog\/?page_id=116"},"modified":"2021-02-23T20:29:39","modified_gmt":"2021-02-23T20:29:39","slug":"cookies","status":"publish","type":"page","link":"https:\/\/lunaworld.blog\/index.php\/cookies\/","title":{"rendered":"Cookies"},"content":{"rendered":"\r\n<h2 class=\"wp-block-heading\">Datenschutzerkl\u00e4rung f\u00fcr Cookies<\/h2>\r\n\r\n\r\n\r\n<p>Diese Webseite verwendet Cookies. Das sind kleine Textdateien, die es m\u00f6glich machen, auf dem Endger\u00e4t des Nutzers spezifische, auf den Nutzer bezogene Informationen zu speichern, w\u00e4hrend er die Webseite nutzt. Cookies erm\u00f6glichen es, insbesondere Nutzungsh\u00e4ufigkeit und Nutzer anzahl der Seiten zu ermitteln, Verhaltensweisen der Seitenbenutzung zu analysieren, aber auch unser Angebot kundenfreundlicher zu gestalten. Cookies bleiben \u00fcber das Ende einer Browser-Sitzung gespeichert und k\u00f6nnen bei einem erneuten Seitenbesuch wieder aufgerufen werden. Wenn Sie das nicht w\u00fcnschen, sollten Sie Ihren Internetbrowser so einstellen, dass er die Annahme von Cookies verweigert. Weiter Infos erhalten Sie in unserem <a href=\"https:\/\/lunaworld.blog\/index.php\/datenschutz-2\/\">Datenschutz<\/a><\/p>\r\n\r\n\r\n\r\n<p>&nbsp;<\/p>\r\n","protected":false},"excerpt":{"rendered":"<p>Datenschutzerkl\u00e4rung f\u00fcr Cookies Diese Webseite verwendet Cookies. Das sind kleine Textdateien, die es m\u00f6glich machen, auf dem Endger\u00e4t des Nutzers spezifische, auf den Nutzer bezogene Informationen zu speichern, w\u00e4hrend er [&hellip;]<\/p>\n","protected":false},"author":1,"featured_media":1925,"parent":0,"menu_order":0,"comment_status":"closed","ping_status":"closed","template":"","meta":{"footnotes":""},"class_list":["post-116","page","type-page","status-publish","has-post-thumbnail","hentry"],"_links":{"self":[{"href":"https:\/\/lunaworld.blog\/index.php\/wp-json\/wp\/v2\/pages\/116","targetHints":{"allow":["GET"]}}],"collection":[{"href":"https:\/\/lunaworld.blog\/index.php\/wp-json\/wp\/v2\/pages"}],"about":[{"href":"https:\/\/lunaworld.blog\/index.php\/wp-json\/wp\/v2\/types\/page"}],"author":[{"embeddable":true,"href":"https:\/\/lunaworld.blog\/index.php\/wp-json\/wp\/v2\/users\/1"}],"replies":[{"embeddable":true,"href":"https:\/\/lunaworld.blog\/index.php\/wp-json\/wp\/v2\/comments?post=116"}],"version-history":[{"count":5,"href":"https:\/\/lunaworld.blog\/index.php\/wp-json\/wp\/v2\/pages\/116\/revisions"}],"predecessor-version":[{"id":1926,"href":"https:\/\/lunaworld.blog\/index.php\/wp-json\/wp\/v2\/pages\/116\/revisions\/1926"}],"wp:featuredmedia":[{"embeddable":true,"href":"https:\/\/lunaworld.blog\/index.php\/wp-json\/wp\/v2\/media\/1925"}],"wp:attachment":[{"href":"https:\/\/lunaworld.blog\/index.php\/wp-json\/wp\/v2\/media?parent=116"}],"curies":[{"name":"wp","href":"https:\/\/api.w.org\/{rel}","templated":true}]}}