{"id":280,"date":"2020-02-02T20:06:26","date_gmt":"2020-02-02T20:06:26","guid":{"rendered":"https:\/\/lunaworld.blog\/?page_id=280"},"modified":"2020-03-24T20:00:59","modified_gmt":"2020-03-24T20:00:59","slug":"nutzungsbedingungen","status":"publish","type":"page","link":"https:\/\/lunaworld.blog\/index.php\/nutzungsbedingungen\/","title":{"rendered":"Nutzungsbedingungen"},"content":{"rendered":"\r\n<p>Nutzungsbedingungen der Webseite von Thomas Caspar\/LUNAWORD.BLOG<\/p>\r\n\r\n\r\n\r\n<p>Die Webseite lunaworld.blogwird von Thomas Caspar, Blegistrasse 23. 6340 Baar, Schweiz als Diensteanbieter, Medieninhaber und Herausgeber betrieben.<\/p>\r\n\r\n\r\n\r\n<p>1.<\/p>\r\n\r\n\r\n\r\n<p>Die Nutzung von lunaworld.blog ist kostenlos.<\/p>\r\n\r\n\r\n\r\n<p>2.<\/p>\r\n\r\n\r\n\r\n<p>lunaworld.blog beh\u00e4lt sich das Recht vor, ohne Ank\u00fcndigung die angebotenen Leistungen einzustellen oder einzuschr\u00e4nken.<\/p>\r\n\r\n\r\n\r\n<p>3.<\/p>\r\n\r\n\r\n\r\n<p>Nutzer von lunaworld.blog haben die M\u00f6glichkeit, zu einzelnen Artikeln Kommentare zu verfassen. Der Nutzer hat keinen Anspruch auf Ver\u00f6ffentlichung seiner Kommentare.<\/p>\r\n\r\n\r\n\r\n<p>4.<\/p>\r\n\r\n\r\n\r\n<p>lunaworld.blog beh\u00e4lt sich das Recht vor, ohne Angabe von Gr\u00fcnden und ohne Benachrichtigung Kommentare nicht zu ver\u00f6ffentlichen, bzw. bereits ver\u00f6ffentlichte Kommentare wieder von der Website zu nehmen oder zu l\u00f6schen. Der Nutzer haftet daf\u00fcr, dass die von ihm bereitgestellten Kommentare in keine Wettbewerbs-, Kennzeichen-, Pers\u00f6nlichkeits-, Urheber- oder sonstigen Rechte eines Dritten eingreifen und der Nutzer die Befugnis hat, den Inhalt auf lunaworld.blog zu ver\u00f6ffentlichen.<\/p>\r\n\r\n\r\n\r\n<p>5.<\/p>\r\n\r\n\r\n\r\n<p>Der Nutzer verpflichtet sich, keine Kommentare zu \u00fcbersenden,<\/p>\r\n\r\n\r\n\r\n<ul class=\"wp-block-list\">\r\n<li>die&nbsp;anst\u00f6\u00dfig, anst\u00f6\u00dfig, unschicklich, unsittlich oder rassistisch sind;<\/li>\r\n<li>die St\u00f6rung, Unterbrechung oder \u00fcberm\u00e4\u00dfige Belastung von lunaworld.blog zur Folge haben;<\/li>\r\n<li>jeglicher Art von Gewalt gegen Gruppen oder Personen f\u00f6rdern oder dazu auf-rufen oder solche darstellen;<\/li>\r\n<li>nicht jugendfrei sind;<\/li>\r\n<li>Passw\u00f6rter und elektronische Schl\u00fcssel beinhalten, die nicht \u00f6ffentlich sind;<\/li>\r\n<li>andere Nutzer zur Angabe von Passw\u00f6rtern, elektronischen Schl\u00fcssel oder personenbezogenen Daten auffordert;<\/li>\r\n<li>Links zu Webseiten beinhalten, die gegen diese Verhaltensregeln versto\u00dfen;<\/li>\r\n<li>Informationen und oder Daten \u00fcber den h\u00f6chstpers\u00f6nlichen Lebensbereich von Personen beinhalten;<\/li>\r\n<li>Personen oder Gruppen beleidigen und bedrohen;<\/li>\r\n<li>unwahre Inhalte \u00fcber Personen oder Gruppen beinhalten;<\/li>\r\n<li>von automatischen Skripten oder Programmen (Bots) generiert worden sind;<\/li>\r\n<li>gegen Vertrags- oder sonstige Rechte Dritter verst\u00f6\u00dft;<\/li>\r\n<li>die Funktionsf\u00e4higkeit von Hard- und Software beeintr\u00e4chtigen k\u00f6nnten;<\/li>\r\n<li>gegen die geltenden Gesetze und Vorschriften der Schweiz und International versto\u00dfen.<\/li>\r\n<\/ul>\r\n\r\n\r\n\r\n<p>6.<\/p>\r\n\r\n\r\n\r\n<p>Der Nutzer r\u00e4umt lunaworld.blog ein Nutzungsrecht an den vom Nutzer eingestellten Kommentaren in dem Ausma\u00df ein, dass lunaworld.blog die Kommentare sowohl in eigenen Print- und Onlinemedien, als auch die Kooperationspartner von lunaworld.blog die Inhalte auf deren Websites ver\u00f6ffentlichen d\u00fcrfen.<\/p>\r\n\r\n\r\n\r\n<p>7.<\/p>\r\n\r\n\r\n\r\n<p>Der Nutzer \u00fcbernimmt s\u00e4mtliche Kosten, die lunaworld.blog auf Grund einer Verletzung von Rechten Dritter in Verbindung mit vom Nutzer bereitgestellten Kommentaren entstehenden. Dies umfasst auch die Kosten f\u00fcr eine Rechtsverteidigung. Davon unber\u00fchrt bleiben alle weitergehenden Rechte sowie Schadenersatzanspr\u00fcche von lunaworld.blog gegen den Nutzer.<\/p>\r\n\r\n\r\n\r\n<p>8.<\/p>\r\n\r\n\r\n\r\n<p>Nutzer und Betroffene, die sich durch einen Kommentar in ihren Rechten verletzt f\u00fchlen, k\u00f6nnen diese potenziellen Eingriffe bei lunaworld.blog unter der E-Mail-Adresse: <a href=\"https:\/\/lunaworld.blog\/index.php\/kontakt\/\">Kontaktformular<\/a><\/p>\r\n\r\n\r\n\r\n<p>9.<\/p>\r\n\r\n\r\n\r\n<p>lunaworld.blog haftet weder f\u00fcr die Verf\u00fcgbarkeit des Dienstes von lunaworld.blog noch f\u00fcr eigene Handlungen und die von Erf\u00fcllungsgehilfen (mit Ausnahme von Personensch\u00e4den), wenn diese nicht grob fahrl\u00e4ssig verschuldet wurden. lunaworld.blog haftet auch nicht f\u00fcr Datenverluste. Der Ersatz von Sch\u00e4den aller Art aus Anspr\u00fcchen Dritter ist ausgeschlossen.<\/p>\r\n\r\n\r\n\r\n<p>10.<\/p>\r\n\r\n\r\n\r\n<p>S\u00e4mtliche auf lunaworld.blog ver\u00f6ffentlichten Inhalte sind urheberrechtlich gesch\u00fctzt. Eine Nutzung der auf lunaworld.blog ver\u00f6ffentlichten Inhalte, auch nur Auszugsweise, bedarf der schriftlichen Zustimmung von Herrn Thomas Caspar<\/p>\r\n\r\n\r\n\r\n<p>11.<\/p>\r\n\r\n\r\n\r\n<p>lunaworld.blog haftet weder f\u00fcr die Speicherung, die \u00dcbermittlung, noch die korrekte Darstellung der von den Nutzern bereitgestellten Kommentare. Weiters \u00fcbernimmt lunaworld.blog keine Haftung f\u00fcr Aktualit\u00e4t, Korrektheit oder Qualit\u00e4t der dargestellten Inhalte.<\/p>\r\n\r\n\r\n\r\n<p>13.&nbsp;<\/p>\r\n\r\n\r\n\r\n<p>Das Werk ist einschlie\u00dflich aller seiner Texte, Videos und Audios urheberrechtlich gesch\u00fctzt. Jede Verwertung au\u00dferhalb der engen Grenzen des Urheberrechtsgesetzes ist ohne Zustimmung von Thomas Caspar unzul\u00e4ssig und strafbar. Das gilt insbesondere f\u00fcr Vervielf\u00e4ltigung, \u00dcbersetzung, Mikroverfilmung und die Einspeicherung und Verarbeitung in elektronischen Systemen.<\/p>\r\n\r\n\r\n\r\n<p>14.<\/p>\r\n\r\n\r\n\r\n<p>Alle auf dieser Internetseite enthaltenen Angaben, Ergebnisse usw. wurden von Thomas Caspar nach bestem Wissen erstellt. Sie erfolgen ohne jegliche Verpflichtung oder Garantie. Es handelt sich lediglich um Informationen und es ergibt sich dadurch keinerlei Garantie auf Erfolg bei der Anwendung der angegebenen Informationen. Thomas Caspar \u00fcbernimmt deshalb keinerlei Verantwortung und Haftung f\u00fcr etwa vorhandene Unrichtigkeiten, f\u00fcr nicht erw\u00fcnschte Ergebnisse oder entstandenen Sch\u00e4den.<\/p>\r\n\r\n\r\n\r\n<p>15.&nbsp;<\/p>\r\n\r\n\r\n\r\n<p>Die Wiedergabe von Gebrauchs-namen, Handelsnamen, Warenbezeichnungen usw. in diesem Werk berechtigt auch ohne besondere Kennzeichnung nicht zu der Annahme, dass solche Namen im Sinne der Warenzeichen- und Markenschutz-Gesetzgebung als frei zu betrachten w\u00e4ren und daher von jedermann benutzt werden d\u00fcrfen.<\/p>\r\n\r\n\r\n\r\n<p>16.<\/p>\r\n\r\n\r\n\r\n<p>Es gilt das schweizerische Recht. F\u00fcr Streitigkeiten ist das f\u00fcr Baar sachlich zust\u00e4ndige Gericht anzurufen. Diese Nutzungsbedingungen untersteht dem schweizerischen Recht.<\/p>\r\n\r\n\r\n\r\n<p>17.<\/p>\r\n\r\n\r\n\r\n<p>Es gilt jene Datenschutzbestimmung, die unter&nbsp; <a href=\"https:\/\/lunaworld.blog\/index.php\/datenschutz-2\/\">https:\/\/lunaworld.blog\/index.php\/datenschutz-2\/<\/a> nachzulesen ist. Diese stellt einen integrierten Bestandteil dieser Nutzungsbedingungen dar.<\/p>\r\n\r\n\r\n\r\n<p>18.<\/p>\r\n\r\n\r\n\r\n<p>Unwirksame Klauseln: Sollten einzelne oder mehrere Klauseln dieser Bedingungen oder der weiteren vertraglichen Bestimmungen unwirksam sein oder werden, so ber\u00fchrt dies die Wirksamkeit Ihres Rechtsverh\u00e4ltnisses im \u00dcbrigen nicht.<\/p>\r\n","protected":false},"excerpt":{"rendered":"<p>Nutzungsbedingungen der Webseite von Thomas Caspar\/LUNAWORD.BLOG Die Webseite lunaworld.blogwird von Thomas Caspar, Blegistrasse 23. 6340 Baar, Schweiz als Diensteanbieter, Medieninhaber und Herausgeber betrieben. 1. Die Nutzung von lunaworld.blog ist kostenlos. [&hellip;]<\/p>\n","protected":false},"author":1,"featured_media":0,"parent":0,"menu_order":0,"comment_status":"closed","ping_status":"closed","template":"","meta":{"footnotes":""},"class_list":["post-280","page","type-page","status-publish","hentry"],"_links":{"self":[{"href":"https:\/\/lunaworld.blog\/index.php\/wp-json\/wp\/v2\/pages\/280","targetHints":{"allow":["GET"]}}],"collection":[{"href":"https:\/\/lunaworld.blog\/index.php\/wp-json\/wp\/v2\/pages"}],"about":[{"href":"https:\/\/lunaworld.blog\/index.php\/wp-json\/wp\/v2\/types\/page"}],"author":[{"embeddable":true,"href":"https:\/\/lunaworld.blog\/index.php\/wp-json\/wp\/v2\/users\/1"}],"replies":[{"embeddable":true,"href":"https:\/\/lunaworld.blog\/index.php\/wp-json\/wp\/v2\/comments?post=280"}],"version-history":[{"count":6,"href":"https:\/\/lunaworld.blog\/index.php\/wp-json\/wp\/v2\/pages\/280\/revisions"}],"predecessor-version":[{"id":795,"href":"https:\/\/lunaworld.blog\/index.php\/wp-json\/wp\/v2\/pages\/280\/revisions\/795"}],"wp:attachment":[{"href":"https:\/\/lunaworld.blog\/index.php\/wp-json\/wp\/v2\/media?parent=280"}],"curies":[{"name":"wp","href":"https:\/\/api.w.org\/{rel}","templated":true}]}}