{"id":592,"date":"2020-03-14T17:57:54","date_gmt":"2020-03-14T17:57:54","guid":{"rendered":"https:\/\/lunaworld.blog\/?page_id=592"},"modified":"2022-01-10T19:13:54","modified_gmt":"2022-01-10T19:13:54","slug":"jurte","status":"publish","type":"page","link":"https:\/\/lunaworld.blog\/index.php\/jurte\/","title":{"rendered":"Jurte"},"content":{"rendered":"\t\t<div data-elementor-type=\"wp-page\" data-elementor-id=\"592\" class=\"elementor elementor-592\" data-elementor-post-type=\"page\">\n\t\t\t\t\t\t<section class=\"elementor-section elementor-top-section elementor-element elementor-element-6aafff84 elementor-section-full_width elementor-section-stretched elementor-section-height-default elementor-section-height-default\" data-id=\"6aafff84\" data-element_type=\"section\" data-settings=\"{&quot;stretch_section&quot;:&quot;section-stretched&quot;}\">\n\t\t\t\t\t\t<div class=\"elementor-container elementor-column-gap-default\">\n\t\t\t\t\t<div class=\"elementor-column elementor-col-100 elementor-top-column elementor-element elementor-element-eb5b008\" data-id=\"eb5b008\" data-element_type=\"column\">\n\t\t\t<div class=\"elementor-widget-wrap elementor-element-populated\">\n\t\t\t\t\t\t<div class=\"elementor-element elementor-element-20510b36 elementor-widget__width-inherit elementor-widget elementor-widget-text-editor\" data-id=\"20510b36\" data-element_type=\"widget\" data-widget_type=\"text-editor.default\">\n\t\t\t\t<div class=\"elementor-widget-container\">\n\t\t\t\t\t\t\t\t\t<h1><strong>\u00a0 \u00a0 \u00a0<\/strong><\/h1><h1><strong>\u00a0 \u00a0 \u00a0 \u00a0 \u00a0 \u00a0 \u00a0 \u00a0Hier findest du Beitr\u00e4ge \u00fcber das Thema Jurte\u00a0<\/strong><\/h1>\t\t\t\t\t\t\t\t<\/div>\n\t\t\t\t<\/div>\n\t\t\t\t\t<\/div>\n\t\t<\/div>\n\t\t\t\t\t<\/div>\n\t\t<\/section>\n\t\t\t\t<section class=\"elementor-section elementor-top-section elementor-element elementor-element-94efa06 elementor-section-stretched elementor-section-boxed elementor-section-height-default elementor-section-height-default\" data-id=\"94efa06\" data-element_type=\"section\" data-settings=\"{&quot;stretch_section&quot;:&quot;section-stretched&quot;}\">\n\t\t\t\t\t\t<div class=\"elementor-container elementor-column-gap-default\">\n\t\t\t\t\t<div class=\"elementor-column elementor-col-33 elementor-top-column elementor-element elementor-element-c8ad112\" data-id=\"c8ad112\" data-element_type=\"column\">\n\t\t\t<div class=\"elementor-widget-wrap elementor-element-populated\">\n\t\t\t\t\t\t<div class=\"elementor-element elementor-element-6dbe6ed elementor-widget elementor-widget-image\" data-id=\"6dbe6ed\" data-element_type=\"widget\" data-widget_type=\"image.default\">\n\t\t\t\t<div class=\"elementor-widget-container\">\n\t\t\t\t\t\t\t\t\t\t\t\t\t\t\t<img decoding=\"async\" src=\"https:\/\/lunaworld.blog\/wp-content\/uploads\/elementor\/thumbs\/JURTEN-AUFBAU-BILD-13-pvvkg2e8fkia9j22heh600ouabogbnfa2o833uj0b0.png\" title=\"JURTEN AUFBAU BILD 13\" alt=\"JURTEN AUFBAU BILD 13\" loading=\"lazy\" \/>\t\t\t\t\t\t\t\t\t\t\t\t\t\t\t<\/div>\n\t\t\t\t<\/div>\n\t\t\t\t\t<\/div>\n\t\t<\/div>\n\t\t\t\t<div class=\"elementor-column elementor-col-66 elementor-top-column elementor-element elementor-element-aef8e1e\" data-id=\"aef8e1e\" data-element_type=\"column\">\n\t\t\t<div class=\"elementor-widget-wrap elementor-element-populated\">\n\t\t\t\t\t\t<div class=\"elementor-element elementor-element-108cbf0 elementor-widget elementor-widget-text-editor\" data-id=\"108cbf0\" data-element_type=\"widget\" data-widget_type=\"text-editor.default\">\n\t\t\t\t<div class=\"elementor-widget-container\">\n\t\t\t\t\t\t\t\t\t<h2 style=\"text-align: left;\"><a href=\"https:\/\/lunaworld.blog\/index.php\/2021\/02\/14\/https-lunaworld-blog-index-php-2021-02-14-wie-baut-man-eine-jurte-auf\/\">Anleitung Jurtenaufbau:\u00a0<\/a><\/h2><div><p><strong>Es wird Schritt f\u00fcr Schritt erkl\u00e4rt, wie es geht.<\/strong><\/p><p>Damals hatte ich auch keine Idee wie das mit dem Aufbauen funktioniert. In meinem Beitrag geht es nicht um die Grundkonstruktion einer Jurte! Was ich selbst erstellt habe sind zwei Boden-aufbauten welche in zus\u00e4tzlichen Beitr\u00e4gen erkl\u00e4ren werde.<br \/>Die Basis f\u00fcr diesen Beitrag bezieht sich auf eine Jurte welche bei H\u00e4ndlern gekauft werden k\u00f6nnen. Dieser Beitrag ist f\u00fcr alle die daran Interesse haben eine Jurte aufzubauen. In weiteren Beitr\u00e4gen werde ich auf das Tema Jurte selbst bauen eingehen.<\/p><p>Viel Spass bei deinem Jurten Projekt.<\/p><h3><strong>Du kannst Dir auch mein Video \u00fcber den Aufbau anschauen.<\/strong><\/h3><\/div>\t\t\t\t\t\t\t\t<\/div>\n\t\t\t\t<\/div>\n\t\t\t\t\t<\/div>\n\t\t<\/div>\n\t\t\t\t\t<\/div>\n\t\t<\/section>\n\t\t\t\t<section class=\"elementor-section elementor-top-section elementor-element elementor-element-ab1e017 elementor-section-stretched elementor-section-boxed elementor-section-height-default elementor-section-height-default\" data-id=\"ab1e017\" data-element_type=\"section\" data-settings=\"{&quot;stretch_section&quot;:&quot;section-stretched&quot;}\">\n\t\t\t\t\t\t<div class=\"elementor-container elementor-column-gap-default\">\n\t\t\t\t\t<div class=\"elementor-column elementor-col-100 elementor-top-column elementor-element elementor-element-a13e520\" data-id=\"a13e520\" data-element_type=\"column\">\n\t\t\t<div class=\"elementor-widget-wrap elementor-element-populated\">\n\t\t\t\t\t\t<div class=\"elementor-element elementor-element-1ece882 elementor-widget__width-inherit elementor-widget elementor-widget-video\" data-id=\"1ece882\" data-element_type=\"widget\" data-settings=\"{&quot;youtube_url&quot;:&quot;https:\\\/\\\/youtu.be\\\/m8sYygQgidE&quot;,&quot;video_type&quot;:&quot;youtube&quot;,&quot;controls&quot;:&quot;yes&quot;}\" data-widget_type=\"video.default\">\n\t\t\t\t<div class=\"elementor-widget-container\">\n\t\t\t\t\t\t\t<div class=\"elementor-wrapper elementor-open-inline\">\n\t\t\t<div class=\"elementor-video\"><\/div>\t\t<\/div>\n\t\t\t\t\t\t<\/div>\n\t\t\t\t<\/div>\n\t\t\t\t\t<\/div>\n\t\t<\/div>\n\t\t\t\t\t<\/div>\n\t\t<\/section>\n\t\t\t\t<section class=\"elementor-section elementor-top-section elementor-element elementor-element-6d5ea80 elementor-section-stretched elementor-section-boxed elementor-section-height-default elementor-section-height-default\" data-id=\"6d5ea80\" data-element_type=\"section\" data-settings=\"{&quot;stretch_section&quot;:&quot;section-stretched&quot;}\">\n\t\t\t\t\t\t<div class=\"elementor-container elementor-column-gap-default\">\n\t\t\t\t\t<div class=\"elementor-column elementor-col-66 elementor-top-column elementor-element elementor-element-0180f2f\" data-id=\"0180f2f\" data-element_type=\"column\">\n\t\t\t<div class=\"elementor-widget-wrap elementor-element-populated\">\n\t\t\t\t\t\t<div class=\"elementor-element elementor-element-13d6019 elementor-widget elementor-widget-image\" data-id=\"13d6019\" data-element_type=\"widget\" data-widget_type=\"image.default\">\n\t\t\t\t<div class=\"elementor-widget-container\">\n\t\t\t\t\t\t\t\t\t\t\t\t\t\t\t<img decoding=\"async\" src=\"https:\/\/lunaworld.blog\/wp-content\/uploads\/elementor\/thumbs\/HOLZZUSCHNITT-FUeR-BODEN-scaled-pvvkg1ghadd8nysbzsu626v8d235dwgxglkcva4lc8.jpg\" title=\"HOLZZUSCHNITT F\u00dcR BODEN\" alt=\"HOLZZUSCHNITT F\u00dcR BODEN\" loading=\"lazy\" \/>\t\t\t\t\t\t\t\t\t\t\t\t\t\t\t<\/div>\n\t\t\t\t<\/div>\n\t\t\t\t\t<\/div>\n\t\t<\/div>\n\t\t\t\t<div class=\"elementor-column elementor-col-33 elementor-top-column elementor-element elementor-element-d3742b7\" data-id=\"d3742b7\" data-element_type=\"column\">\n\t\t\t<div class=\"elementor-widget-wrap elementor-element-populated\">\n\t\t\t\t\t\t<div class=\"elementor-element elementor-element-32b4e1c elementor-widget elementor-widget-text-editor\" data-id=\"32b4e1c\" data-element_type=\"widget\" data-widget_type=\"text-editor.default\">\n\t\t\t\t<div class=\"elementor-widget-container\">\n\t\t\t\t\t\t\t\t\t<h2><a href=\"https:\/\/lunaworld.blog\/index.php\/2021\/11\/28\/12-eck-jurtenboden\/\">Anleitung leichtgewicht Jurtenboden mit 12 Sandwichele<\/a><a href=\"https:\/\/lunaworld.blog\/index.php\/2021\/11\/28\/12-eck-jurtenboden\/\">menten <\/a><\/h2><p>In diesem Beitrag erkl\u00e4re ich die Schritte, f\u00fcr einen Isolierten Massivholzplattenboden mit Kiefern und L\u00e4rchenholz inkl. Stromleitungen. Jedes Element wiegt nicht mehr als 25 KG und kann dadurch problemlos von einer Person getragen und zusammengesetzt werden. Die ausgekl\u00fcgelte Konstruktion macht den Aufbau zu einem Kinderspiel.<\/p>\t\t\t\t\t\t\t\t<\/div>\n\t\t\t\t<\/div>\n\t\t\t\t\t<\/div>\n\t\t<\/div>\n\t\t\t\t\t<\/div>\n\t\t<\/section>\n\t\t\t\t<section class=\"elementor-section elementor-top-section elementor-element elementor-element-750634a elementor-section-boxed elementor-section-height-default elementor-section-height-default\" data-id=\"750634a\" data-element_type=\"section\">\n\t\t\t\t\t\t<div class=\"elementor-container elementor-column-gap-default\">\n\t\t\t\t\t<div class=\"elementor-column elementor-col-100 elementor-top-column elementor-element elementor-element-cf4312a\" data-id=\"cf4312a\" data-element_type=\"column\">\n\t\t\t<div class=\"elementor-widget-wrap elementor-element-populated\">\n\t\t\t\t\t\t<section class=\"elementor-section elementor-inner-section elementor-element elementor-element-88722c6 elementor-section-boxed elementor-section-height-default elementor-section-height-default\" data-id=\"88722c6\" data-element_type=\"section\">\n\t\t\t\t\t\t<div class=\"elementor-container elementor-column-gap-default\">\n\t\t\t\t\t<div class=\"elementor-column elementor-col-50 elementor-inner-column elementor-element elementor-element-971e37a\" data-id=\"971e37a\" data-element_type=\"column\">\n\t\t\t<div class=\"elementor-widget-wrap elementor-element-populated\">\n\t\t\t\t\t\t<div class=\"elementor-element elementor-element-caac200 elementor-widget elementor-widget-text-editor\" data-id=\"caac200\" data-element_type=\"widget\" data-widget_type=\"text-editor.default\">\n\t\t\t\t<div class=\"elementor-widget-container\">\n\t\t\t\t\t\t\t\t\t<h2><a href=\"https:\/\/lunaworld.blog\/index.php\/2021\/02\/14\/anleitung-jurtenboden-mit-osb-holzplatten\/\">Anleitung Jurtenboden mit OSB Holzplatten<\/a><\/h2><p><strong>In diesem Beitrag erkl\u00e4re ich die Schritte, f\u00fcr einen OSB Holzplattenboden<\/strong><\/p>\t\t\t\t\t\t\t\t<\/div>\n\t\t\t\t<\/div>\n\t\t\t\t\t<\/div>\n\t\t<\/div>\n\t\t\t\t<div class=\"elementor-column elementor-col-50 elementor-inner-column elementor-element elementor-element-6627baf\" data-id=\"6627baf\" data-element_type=\"column\">\n\t\t\t<div class=\"elementor-widget-wrap elementor-element-populated\">\n\t\t\t\t\t\t<div class=\"elementor-element elementor-element-7f03f31 elementor-widget elementor-widget-image\" data-id=\"7f03f31\" data-element_type=\"widget\" data-widget_type=\"image.default\">\n\t\t\t\t<div class=\"elementor-widget-container\">\n\t\t\t\t\t\t\t\t\t\t\t\t\t\t\t<img decoding=\"async\" src=\"https:\/\/lunaworld.blog\/wp-content\/uploads\/elementor\/thumbs\/IMG_20190405_195343-scaled-pvvkg1ghadd8nysbzsu626v8d235dwgxglkcva4lc8.jpg\" title=\"smartcapture\" alt=\"smartcapture\" loading=\"lazy\" \/>\t\t\t\t\t\t\t\t\t\t\t\t\t\t\t<\/div>\n\t\t\t\t<\/div>\n\t\t\t\t\t<\/div>\n\t\t<\/div>\n\t\t\t\t\t<\/div>\n\t\t<\/section>\n\t\t\t\t\t<\/div>\n\t\t<\/div>\n\t\t\t\t\t<\/div>\n\t\t<\/section>\n\t\t\t\t<section class=\"elementor-section elementor-top-section elementor-element elementor-element-f98553b elementor-section-boxed elementor-section-height-default elementor-section-height-default\" data-id=\"f98553b\" data-element_type=\"section\">\n\t\t\t\t\t\t<div class=\"elementor-container elementor-column-gap-default\">\n\t\t\t\t\t<div class=\"elementor-column elementor-col-100 elementor-top-column elementor-element elementor-element-3270f41\" data-id=\"3270f41\" data-element_type=\"column\">\n\t\t\t<div class=\"elementor-widget-wrap elementor-element-populated\">\n\t\t\t\t\t\t<section class=\"elementor-section elementor-inner-section elementor-element elementor-element-fe147a6 elementor-section-boxed elementor-section-height-default elementor-section-height-default\" data-id=\"fe147a6\" data-element_type=\"section\">\n\t\t\t\t\t\t<div class=\"elementor-container elementor-column-gap-default\">\n\t\t\t\t\t<div class=\"elementor-column elementor-col-50 elementor-inner-column elementor-element elementor-element-28ab2fc\" data-id=\"28ab2fc\" data-element_type=\"column\">\n\t\t\t<div class=\"elementor-widget-wrap elementor-element-populated\">\n\t\t\t\t\t\t<div class=\"elementor-element elementor-element-a943bc1 elementor-widget elementor-widget-image\" data-id=\"a943bc1\" data-element_type=\"widget\" data-widget_type=\"image.default\">\n\t\t\t\t<div class=\"elementor-widget-container\">\n\t\t\t\t\t\t\t\t\t\t\t\t\t\t\t<img fetchpriority=\"high\" decoding=\"async\" width=\"500\" height=\"500\" src=\"https:\/\/lunaworld.blog\/wp-content\/uploads\/2022\/01\/BRANDFOTOS-MIT-EINSATZWAGEN-DER-FEUERWEHR-7-500x500.jpg\" class=\"attachment-blogbee-blog size-blogbee-blog wp-image-2763\" alt=\"\" srcset=\"https:\/\/lunaworld.blog\/wp-content\/uploads\/2022\/01\/BRANDFOTOS-MIT-EINSATZWAGEN-DER-FEUERWEHR-7-500x500.jpg 500w, https:\/\/lunaworld.blog\/wp-content\/uploads\/2022\/01\/BRANDFOTOS-MIT-EINSATZWAGEN-DER-FEUERWEHR-7-150x150.jpg 150w\" sizes=\"(max-width: 500px) 100vw, 500px\" \/>\t\t\t\t\t\t\t\t\t\t\t\t\t\t\t<\/div>\n\t\t\t\t<\/div>\n\t\t\t\t\t<\/div>\n\t\t<\/div>\n\t\t\t\t<div class=\"elementor-column elementor-col-50 elementor-inner-column elementor-element elementor-element-6df3997\" data-id=\"6df3997\" data-element_type=\"column\">\n\t\t\t<div class=\"elementor-widget-wrap elementor-element-populated\">\n\t\t\t\t\t\t<div class=\"elementor-element elementor-element-a86e54c elementor-widget elementor-widget-text-editor\" data-id=\"a86e54c\" data-element_type=\"widget\" data-widget_type=\"text-editor.default\">\n\t\t\t\t<div class=\"elementor-widget-container\">\n\t\t\t\t\t\t\t\t\t<h2><a href=\"https:\/\/lunaworld.blog\/index.php\/2022\/01\/10\/jurtenbrand\/\">Das Unfassbare geschah an einem k\u00fchlen Wintertag<\/a><\/h2><p>Um etwas genauer zu werden am 8 Januar 2021. Das Ironische dabei ist, dass geschah 1 Tag nach meinem Geburtstag.\u00a0<\/p>\t\t\t\t\t\t\t\t<\/div>\n\t\t\t\t<\/div>\n\t\t\t\t\t<\/div>\n\t\t<\/div>\n\t\t\t\t\t<\/div>\n\t\t<\/section>\n\t\t\t\t\t<\/div>\n\t\t<\/div>\n\t\t\t\t\t<\/div>\n\t\t<\/section>\n\t\t\t\t<\/div>\n\t\t","protected":false},"excerpt":{"rendered":"<p>\u00a0 \u00a0 \u00a0 \u00a0 \u00a0 \u00a0 \u00a0 \u00a0 \u00a0 \u00a0 \u00a0Hier findest du Beitr\u00e4ge \u00fcber das Thema Jurte\u00a0 Anleitung Jurtenaufbau:\u00a0 Es wird Schritt f\u00fcr Schritt erkl\u00e4rt, wie es geht. Damals [&hellip;]<\/p>\n","protected":false},"author":1,"featured_media":1122,"parent":0,"menu_order":0,"comment_status":"closed","ping_status":"closed","template":"elementor_header_footer","meta":{"footnotes":""},"class_list":["post-592","page","type-page","status-publish","has-post-thumbnail","hentry"],"_links":{"self":[{"href":"https:\/\/lunaworld.blog\/index.php\/wp-json\/wp\/v2\/pages\/592","targetHints":{"allow":["GET"]}}],"collection":[{"href":"https:\/\/lunaworld.blog\/index.php\/wp-json\/wp\/v2\/pages"}],"about":[{"href":"https:\/\/lunaworld.blog\/index.php\/wp-json\/wp\/v2\/types\/page"}],"author":[{"embeddable":true,"href":"https:\/\/lunaworld.blog\/index.php\/wp-json\/wp\/v2\/users\/1"}],"replies":[{"embeddable":true,"href":"https:\/\/lunaworld.blog\/index.php\/wp-json\/wp\/v2\/comments?post=592"}],"version-history":[{"count":224,"href":"https:\/\/lunaworld.blog\/index.php\/wp-json\/wp\/v2\/pages\/592\/revisions"}],"predecessor-version":[{"id":2811,"href":"https:\/\/lunaworld.blog\/index.php\/wp-json\/wp\/v2\/pages\/592\/revisions\/2811"}],"wp:featuredmedia":[{"embeddable":true,"href":"https:\/\/lunaworld.blog\/index.php\/wp-json\/wp\/v2\/media\/1122"}],"wp:attachment":[{"href":"https:\/\/lunaworld.blog\/index.php\/wp-json\/wp\/v2\/media?parent=592"}],"curies":[{"name":"wp","href":"https:\/\/api.w.org\/{rel}","templated":true}]}}